{"id":32,"date":"2021-05-14T10:04:35","date_gmt":"2021-05-14T08:04:35","guid":{"rendered":"http:\/\/atelier-bidache.fr\/?page_id=32"},"modified":"2024-02-28T09:09:19","modified_gmt":"2024-02-28T08:09:19","slug":"les-ateliers-de-bidache","status":"publish","type":"page","link":"https:\/\/atelier-bidache.fr\/","title":{"rendered":"Les Ateliers de Bidache"},"content":{"rendered":"\t\t<div data-elementor-type=\"wp-page\" data-elementor-id=\"32\" class=\"elementor elementor-32\">\n\t\t\t\t\t\t<section class=\"elementor-section elementor-top-section elementor-element elementor-element-4a996ea elementor-section-boxed elementor-section-height-default elementor-section-height-default\" data-id=\"4a996ea\" data-element_type=\"section\">\n\t\t\t\t\t\t<div class=\"elementor-container elementor-column-gap-default\">\n\t\t\t\t\t<div class=\"elementor-column elementor-col-100 elementor-top-column elementor-element elementor-element-21503f4\" data-id=\"21503f4\" data-element_type=\"column\">\n\t\t\t<div class=\"elementor-widget-wrap elementor-element-populated\">\n\t\t\t\t\t\t<div class=\"elementor-element elementor-element-a803292 elementor-widget elementor-widget-text-editor\" data-id=\"a803292\" data-element_type=\"widget\" data-widget_type=\"text-editor.default\">\n\t\t\t\t<div class=\"elementor-widget-container\">\n\t\t\t\t\t\t\t<p>L\u2019Atelier est une ludoth\u00e8que associative, cr\u00e9\u00e9e en f\u00e9vrier 2022. Avec plus de 550 jeux de soci\u00e9t\u00e9 et une vingtaine de jeux surdimensionn\u00e9s, nous pouvons animer vos anniversaires, f\u00eates de famille, mariage, f\u00eates de fin d\u2019ann\u00e9e&#8230;<\/p><p>Nous menons des animations en partenariat avec la caf 64 pour rassembler les familles autour du jeu de soci\u00e9t\u00e9, mais pas seulement !<\/p><p>Venez d\u00e9couvrir nos ateliers parents \/ enfants<\/p>\t\t\t\t\t\t<\/div>\n\t\t\t\t<\/div>\n\t\t\t\t\t<\/div>\n\t\t<\/div>\n\t\t\t\t\t<\/div>\n\t\t<\/section>\n\t\t\t\t<\/div>\n\t\t","protected":false},"excerpt":{"rendered":"<p>L\u2019Atelier est une ludoth\u00e8que associative, cr\u00e9\u00e9e en f\u00e9vrier 2022. Avec plus de 550 jeux de soci\u00e9t\u00e9 et une vingtaine de jeux surdimensionn\u00e9s, nous pouvons animer vos anniversaires, f\u00eates de famille, mariage, f\u00eates de fin d\u2019ann\u00e9e&#8230; Nous menons des animations en partenariat avec la caf 64 pour rassembler les familles autour du jeu de soci\u00e9t\u00e9, mais [&hellip;]<\/p>\n","protected":false},"author":1,"featured_media":0,"parent":0,"menu_order":0,"comment_status":"closed","ping_status":"closed","template":"","meta":{"_monsterinsights_skip_tracking":false,"_monsterinsights_sitenote_active":false,"_monsterinsights_sitenote_note":"","_monsterinsights_sitenote_category":0,"footnotes":""},"class_list":["post-32","page","type-page","status-publish","hentry"],"_links":{"self":[{"href":"https:\/\/atelier-bidache.fr\/index.php\/wp-json\/wp\/v2\/pages\/32","targetHints":{"allow":["GET"]}}],"collection":[{"href":"https:\/\/atelier-bidache.fr\/index.php\/wp-json\/wp\/v2\/pages"}],"about":[{"href":"https:\/\/atelier-bidache.fr\/index.php\/wp-json\/wp\/v2\/types\/page"}],"author":[{"embeddable":true,"href":"https:\/\/atelier-bidache.fr\/index.php\/wp-json\/wp\/v2\/users\/1"}],"replies":[{"embeddable":true,"href":"https:\/\/atelier-bidache.fr\/index.php\/wp-json\/wp\/v2\/comments?post=32"}],"version-history":[{"count":56,"href":"https:\/\/atelier-bidache.fr\/index.php\/wp-json\/wp\/v2\/pages\/32\/revisions"}],"predecessor-version":[{"id":336,"href":"https:\/\/atelier-bidache.fr\/index.php\/wp-json\/wp\/v2\/pages\/32\/revisions\/336"}],"wp:attachment":[{"href":"https:\/\/atelier-bidache.fr\/index.php\/wp-json\/wp\/v2\/media?parent=32"}],"curies":[{"name":"wp","href":"https:\/\/api.w.org\/{rel}","templated":true}]}}